{"id":2887,"date":"2026-01-28T14:34:47","date_gmt":"2026-01-28T13:34:47","guid":{"rendered":"https:\/\/2dev.site\/bb-spiez.ch\/activities\/"},"modified":"2026-01-29T20:43:17","modified_gmt":"2026-01-29T19:43:17","slug":"activities","status":"publish","type":"page","link":"https:\/\/www.bergundberg-spiez.ch\/en\/activities\/","title":{"rendered":"Activities"},"content":{"rendered":"\t\t<div data-elementor-type=\"wp-page\" data-elementor-id=\"2887\" class=\"elementor elementor-2887 elementor-2775\" data-elementor-post-type=\"page\">\n\t\t\t\t<div class=\"elementor-element elementor-element-3502c49 e-flex e-con-boxed e-con e-parent\" data-id=\"3502c49\" data-element_type=\"container\" data-e-type=\"container\" data-settings=\"{&quot;background_background&quot;:&quot;classic&quot;}\">\n\t\t\t\t\t<div class=\"e-con-inner\">\n\t\t\t\t\t<\/div>\n\t\t\t\t<\/div>\n\t\t<div class=\"elementor-element elementor-element-8b623a0 e-flex e-con-boxed elementor-invisible e-con e-parent\" data-id=\"8b623a0\" data-element_type=\"container\" data-e-type=\"container\" data-settings=\"{&quot;animation&quot;:&quot;fadeInUp&quot;}\">\n\t\t\t\t\t<div class=\"e-con-inner\">\n\t\t<div class=\"elementor-element elementor-element-e806537 e-con-full e-flex elementor-invisible e-con e-child\" data-id=\"e806537\" data-element_type=\"container\" data-e-type=\"container\" data-settings=\"{&quot;animation&quot;:&quot;fadeInLeft&quot;}\">\n\t\t\t\t<div class=\"elementor-element elementor-element-519f57f elementor-widget__width-inherit elementor-invisible elementor-widget elementor-widget-heading\" data-id=\"519f57f\" data-element_type=\"widget\" data-e-type=\"widget\" data-settings=\"{&quot;_animation&quot;:&quot;fadeInDown&quot;}\" data-widget_type=\"heading.default\">\n\t\t\t\t<div class=\"elementor-widget-container\">\n\t\t\t\t\t<h2 class=\"elementor-heading-title elementor-size-default\">Spiez Castle<\/h2>\t\t\t\t<\/div>\n\t\t\t\t<\/div>\n\t\t\t\t<div class=\"elementor-element elementor-element-9d376c5 elementor-widget__width-initial elementor-invisible elementor-widget elementor-widget-text-editor\" data-id=\"9d376c5\" data-element_type=\"widget\" data-e-type=\"widget\" data-settings=\"{&quot;_animation&quot;:&quot;fadeInLeft&quot;}\" data-widget_type=\"text-editor.default\">\n\t\t\t\t<div class=\"elementor-widget-container\">\n\t\t\t\t\t\t\t\t\t<p>Das Spiezer Schloss ist ein Kulturgut von nationaler Bedeutung. Es liegt<br \/>malerisch \u00fcber dem Thunersee, inmitten der Spiezer Rebberge. Zum<br \/>Schloss geh\u00f6ren\u00a0ein Museum, eine j\u00e4hrlich wechselnde Kunstausstellung,<br \/>die romanische Schlosskriche, ein ausgedehnte Parkanlage und das<br \/>Schloss-Bistro.<\/p>\n\t\t\t\t\t\t\t\t<\/div>\n\t\t\t\t<\/div>\n\t\t\t\t<div class=\"elementor-element elementor-element-46e5dd9 elementor-align-justify elementor-widget elementor-widget-button\" data-id=\"46e5dd9\" data-element_type=\"widget\" data-e-type=\"widget\" data-widget_type=\"button.default\">\n\t\t\t\t<div class=\"elementor-widget-container\">\n\t\t\t\t\t\t\t\t\t<div class=\"elementor-button-wrapper\">\n\t\t\t\t\t<a class=\"elementor-button elementor-button-link elementor-size-sm\" href=\"https:\/\/dev.spiez.com\/aktivitaeten\/kultur\/schloss-spiez#c12365\" target=\"_blank\">\n\t\t\t\t\t\t<span class=\"elementor-button-content-wrapper\">\n\t\t\t\t\t\t<span class=\"elementor-button-icon\">\n\t\t\t\t<svg xmlns=\"http:\/\/www.w3.org\/2000\/svg\" xmlns:xlink=\"http:\/\/www.w3.org\/1999\/xlink\" id=\"Group_94\" x=\"0px\" y=\"0px\" viewBox=\"0 0 23.3 20.5\" style=\"enable-background:new 0 0 23.3 20.5;\" xml:space=\"preserve\"><path d=\"M21.5,9.2c-1.2-0.8-2.3-1.9-3-3.1c-0.9-1.9-1.3-4-1.1-6h-2.4c0.1,2.4,0.9,4.8,2.3,6.8c0.7,1,1.6,1.8,2.7,2.4H0v2.1h20.1 c-1,0.6-1.9,1.4-2.7,2.4c-1.4,2-2.2,4.3-2.3,6.8h2.4c-0.2-2.1,0.1-4.2,1-6c0.7-1.3,1.7-2.4,2.9-3.1h1.8V9.2H21.5z\"><\/path><\/svg>\t\t\t<\/span>\n\t\t\t\t\t\t\t\t\t<span class=\"elementor-button-text\">More<\/span>\n\t\t\t\t\t<\/span>\n\t\t\t\t\t<\/a>\n\t\t\t\t<\/div>\n\t\t\t\t\t\t\t\t<\/div>\n\t\t\t\t<\/div>\n\t\t\t\t<\/div>\n\t\t<div class=\"elementor-element elementor-element-0b5d774 e-con-full e-flex e-con e-child\" data-id=\"0b5d774\" data-element_type=\"container\" data-e-type=\"container\">\n\t\t\t\t<div class=\"elementor-element elementor-element-ea566dc elementor-invisible elementor-widget elementor-widget-image\" data-id=\"ea566dc\" data-element_type=\"widget\" data-e-type=\"widget\" data-settings=\"{&quot;_animation&quot;:&quot;fadeInRight&quot;,&quot;_animation_delay&quot;:300}\" data-widget_type=\"image.default\">\n\t\t\t\t<div class=\"elementor-widget-container\">\n\t\t\t\t\t\t\t\t\t\t\t\t\t\t\t<img fetchpriority=\"high\" decoding=\"async\" width=\"2048\" height=\"1371\" src=\"https:\/\/www.bergundberg-spiez.ch\/wp-content\/uploads\/2026\/01\/variant.jpg\" class=\"attachment-full size-full wp-image-2857\" alt=\"\" srcset=\"https:\/\/www.bergundberg-spiez.ch\/wp-content\/uploads\/2026\/01\/variant.jpg 2048w, https:\/\/www.bergundberg-spiez.ch\/wp-content\/uploads\/2026\/01\/variant-300x201.jpg 300w, https:\/\/www.bergundberg-spiez.ch\/wp-content\/uploads\/2026\/01\/variant-1024x686.jpg 1024w, https:\/\/www.bergundberg-spiez.ch\/wp-content\/uploads\/2026\/01\/variant-768x514.jpg 768w, https:\/\/www.bergundberg-spiez.ch\/wp-content\/uploads\/2026\/01\/variant-1536x1028.jpg 1536w\" sizes=\"(max-width: 2048px) 100vw, 2048px\" \/>\t\t\t\t\t\t\t\t\t\t\t\t\t\t\t<\/div>\n\t\t\t\t<\/div>\n\t\t\t\t<\/div>\n\t\t\t\t\t<\/div>\n\t\t\t\t<\/div>\n\t\t<div class=\"elementor-element elementor-element-c04aeb9 e-flex e-con-boxed elementor-invisible e-con e-parent\" data-id=\"c04aeb9\" data-element_type=\"container\" data-e-type=\"container\" data-settings=\"{&quot;animation&quot;:&quot;fadeInUp&quot;}\">\n\t\t\t\t\t<div class=\"e-con-inner\">\n\t\t<div class=\"elementor-element elementor-element-453624c e-con-full e-flex e-con e-child\" data-id=\"453624c\" data-element_type=\"container\" data-e-type=\"container\">\n\t\t\t\t<div class=\"elementor-element elementor-element-3663b56 elementor-invisible elementor-widget elementor-widget-image\" data-id=\"3663b56\" data-element_type=\"widget\" data-e-type=\"widget\" data-settings=\"{&quot;_animation&quot;:&quot;fadeInLeft&quot;,&quot;_animation_delay&quot;:300}\" data-widget_type=\"image.default\">\n\t\t\t\t<div class=\"elementor-widget-container\">\n\t\t\t\t\t\t\t\t\t\t\t\t\t\t\t<img decoding=\"async\" width=\"2560\" height=\"1707\" src=\"https:\/\/www.bergundberg-spiez.ch\/wp-content\/uploads\/2026\/01\/DSC_6083_ohneFass_stockhorn-scaled.jpg\" class=\"attachment-full size-full wp-image-2859\" alt=\"\" srcset=\"https:\/\/www.bergundberg-spiez.ch\/wp-content\/uploads\/2026\/01\/DSC_6083_ohneFass_stockhorn-scaled.jpg 2560w, https:\/\/www.bergundberg-spiez.ch\/wp-content\/uploads\/2026\/01\/DSC_6083_ohneFass_stockhorn-300x200.jpg 300w, https:\/\/www.bergundberg-spiez.ch\/wp-content\/uploads\/2026\/01\/DSC_6083_ohneFass_stockhorn-1024x683.jpg 1024w, https:\/\/www.bergundberg-spiez.ch\/wp-content\/uploads\/2026\/01\/DSC_6083_ohneFass_stockhorn-768x512.jpg 768w, https:\/\/www.bergundberg-spiez.ch\/wp-content\/uploads\/2026\/01\/DSC_6083_ohneFass_stockhorn-1536x1024.jpg 1536w, https:\/\/www.bergundberg-spiez.ch\/wp-content\/uploads\/2026\/01\/DSC_6083_ohneFass_stockhorn-2048x1365.jpg 2048w\" sizes=\"(max-width: 2560px) 100vw, 2560px\" \/>\t\t\t\t\t\t\t\t\t\t\t\t\t\t\t<\/div>\n\t\t\t\t<\/div>\n\t\t\t\t<\/div>\n\t\t<div class=\"elementor-element elementor-element-bef56c5 e-con-full e-flex elementor-invisible e-con e-child\" data-id=\"bef56c5\" data-element_type=\"container\" data-e-type=\"container\" data-settings=\"{&quot;animation&quot;:&quot;fadeInRight&quot;}\">\n\t\t\t\t<div class=\"elementor-element elementor-element-7903241 elementor-widget__width-inherit elementor-invisible elementor-widget elementor-widget-heading\" data-id=\"7903241\" data-element_type=\"widget\" data-e-type=\"widget\" data-settings=\"{&quot;_animation&quot;:&quot;fadeInDown&quot;}\" data-widget_type=\"heading.default\">\n\t\t\t\t<div class=\"elementor-widget-container\">\n\t\t\t\t\t<h2 class=\"elementor-heading-title elementor-size-default\">Stockhorn <\/h2>\t\t\t\t<\/div>\n\t\t\t\t<\/div>\n\t\t\t\t<div class=\"elementor-element elementor-element-85a8988 elementor-widget__width-initial elementor-invisible elementor-widget elementor-widget-text-editor\" data-id=\"85a8988\" data-element_type=\"widget\" data-e-type=\"widget\" data-settings=\"{&quot;_animation&quot;:&quot;fadeInLeft&quot;}\" data-widget_type=\"text-editor.default\">\n\t\t\t\t<div class=\"elementor-widget-container\">\n\t\t\t\t\t\t\t\t\t<p>Das Stockhorn ist 2190 m hoch.<br \/>Erleben Sie einen unvergesslichen Tag auf dem Stockhorn. Die fantastische Fernsicht \u00fcber die Schweizer Alpen wird Sie begeistern. Geniessen Sie den Charme der einzigartigen Erlebniswelt rund um die beiden idyllischen Bergseen. Erkunden Sie die abwechslungsreichen Wanderwege, tanken Sie Sonne auf der Panoramaterrasse oder holen Sie sich den Adrenalinkick beim Bungy Jumping.<\/p>\n\t\t\t\t\t\t\t\t<\/div>\n\t\t\t\t<\/div>\n\t\t\t\t<div class=\"elementor-element elementor-element-f663241 elementor-align-justify elementor-widget elementor-widget-button\" data-id=\"f663241\" data-element_type=\"widget\" data-e-type=\"widget\" data-widget_type=\"button.default\">\n\t\t\t\t<div class=\"elementor-widget-container\">\n\t\t\t\t\t\t\t\t\t<div class=\"elementor-button-wrapper\">\n\t\t\t\t\t<a class=\"elementor-button elementor-button-link elementor-size-sm\" href=\"https:\/\/stockhorn.ch\/\" target=\"_blank\">\n\t\t\t\t\t\t<span class=\"elementor-button-content-wrapper\">\n\t\t\t\t\t\t<span class=\"elementor-button-icon\">\n\t\t\t\t<svg xmlns=\"http:\/\/www.w3.org\/2000\/svg\" xmlns:xlink=\"http:\/\/www.w3.org\/1999\/xlink\" id=\"Group_94\" x=\"0px\" y=\"0px\" viewBox=\"0 0 23.3 20.5\" style=\"enable-background:new 0 0 23.3 20.5;\" xml:space=\"preserve\"><path d=\"M21.5,9.2c-1.2-0.8-2.3-1.9-3-3.1c-0.9-1.9-1.3-4-1.1-6h-2.4c0.1,2.4,0.9,4.8,2.3,6.8c0.7,1,1.6,1.8,2.7,2.4H0v2.1h20.1 c-1,0.6-1.9,1.4-2.7,2.4c-1.4,2-2.2,4.3-2.3,6.8h2.4c-0.2-2.1,0.1-4.2,1-6c0.7-1.3,1.7-2.4,2.9-3.1h1.8V9.2H21.5z\"><\/path><\/svg>\t\t\t<\/span>\n\t\t\t\t\t\t\t\t\t<span class=\"elementor-button-text\">More<\/span>\n\t\t\t\t\t<\/span>\n\t\t\t\t\t<\/a>\n\t\t\t\t<\/div>\n\t\t\t\t\t\t\t\t<\/div>\n\t\t\t\t<\/div>\n\t\t\t\t<\/div>\n\t\t\t\t\t<\/div>\n\t\t\t\t<\/div>\n\t\t<div class=\"elementor-element elementor-element-191cefc e-flex e-con-boxed elementor-invisible e-con e-parent\" data-id=\"191cefc\" data-element_type=\"container\" data-e-type=\"container\" data-settings=\"{&quot;animation&quot;:&quot;fadeInUp&quot;}\">\n\t\t\t\t\t<div class=\"e-con-inner\">\n\t\t<div class=\"elementor-element elementor-element-ce119a4 e-con-full e-flex elementor-invisible e-con e-child\" data-id=\"ce119a4\" data-element_type=\"container\" data-e-type=\"container\" data-settings=\"{&quot;animation&quot;:&quot;fadeInLeft&quot;}\">\n\t\t\t\t<div class=\"elementor-element elementor-element-859b8f9 elementor-widget__width-inherit elementor-invisible elementor-widget elementor-widget-heading\" data-id=\"859b8f9\" data-element_type=\"widget\" data-e-type=\"widget\" data-settings=\"{&quot;_animation&quot;:&quot;fadeInDown&quot;}\" data-widget_type=\"heading.default\">\n\t\t\t\t<div class=\"elementor-widget-container\">\n\t\t\t\t\t<h2 class=\"elementor-heading-title elementor-size-default\">Jungfraujoch<\/h2>\t\t\t\t<\/div>\n\t\t\t\t<\/div>\n\t\t\t\t<div class=\"elementor-element elementor-element-6793e4a elementor-widget__width-initial elementor-invisible elementor-widget elementor-widget-text-editor\" data-id=\"6793e4a\" data-element_type=\"widget\" data-e-type=\"widget\" data-settings=\"{&quot;_animation&quot;:&quot;fadeInLeft&quot;}\" data-widget_type=\"text-editor.default\">\n\t\t\t\t<div class=\"elementor-widget-container\">\n\t\t\t\t\t\t\t\t\t<p>Das Jungfraujoch ist 365 Tage im Jahr ge\u00f6ffnet!<br \/>Das Jungfraujoch liegt mitten im UNESCO Welterbe Jungfrau-Aletsch-Bietschorn. Schnee und Eis sind zu 100% garantiert. Das Sphinx-Aussichtsgeb\u00e4ude, der Eispalast, das Plateau f\u00fcr Spazierg\u00e4nge im ewigen Schnee \u2013 das sind ganzj\u00e4hrige Attraktionen auf dem Jungfraujoch-Top of Europe. Im Sommer sorgen verschiedene Adventure-Angebote f\u00fcr Spass im Schnee.<\/p>\n<p>Mit dem Auto fahren Sie entweder nach Grindelwald (43 Minuten) oder nach Lauterbrunnen (31 Minuten). Danach f\u00e4hrt der Zug via kleine Scheidegg auf das Jungfraujoch (1.5 Stunden).<\/p>\n\t\t\t\t\t\t\t\t<\/div>\n\t\t\t\t<\/div>\n\t\t\t\t<div class=\"elementor-element elementor-element-4b2387d elementor-align-justify elementor-widget elementor-widget-button\" data-id=\"4b2387d\" data-element_type=\"widget\" data-e-type=\"widget\" data-widget_type=\"button.default\">\n\t\t\t\t<div class=\"elementor-widget-container\">\n\t\t\t\t\t\t\t\t\t<div class=\"elementor-button-wrapper\">\n\t\t\t\t\t<a class=\"elementor-button elementor-button-link elementor-size-sm\" href=\"https:\/\/www.jungfrau.ch\/de-ch\/\" target=\"_blank\">\n\t\t\t\t\t\t<span class=\"elementor-button-content-wrapper\">\n\t\t\t\t\t\t<span class=\"elementor-button-icon\">\n\t\t\t\t<svg xmlns=\"http:\/\/www.w3.org\/2000\/svg\" xmlns:xlink=\"http:\/\/www.w3.org\/1999\/xlink\" id=\"Group_94\" x=\"0px\" y=\"0px\" viewBox=\"0 0 23.3 20.5\" style=\"enable-background:new 0 0 23.3 20.5;\" xml:space=\"preserve\"><path d=\"M21.5,9.2c-1.2-0.8-2.3-1.9-3-3.1c-0.9-1.9-1.3-4-1.1-6h-2.4c0.1,2.4,0.9,4.8,2.3,6.8c0.7,1,1.6,1.8,2.7,2.4H0v2.1h20.1 c-1,0.6-1.9,1.4-2.7,2.4c-1.4,2-2.2,4.3-2.3,6.8h2.4c-0.2-2.1,0.1-4.2,1-6c0.7-1.3,1.7-2.4,2.9-3.1h1.8V9.2H21.5z\"><\/path><\/svg>\t\t\t<\/span>\n\t\t\t\t\t\t\t\t\t<span class=\"elementor-button-text\">More<\/span>\n\t\t\t\t\t<\/span>\n\t\t\t\t\t<\/a>\n\t\t\t\t<\/div>\n\t\t\t\t\t\t\t\t<\/div>\n\t\t\t\t<\/div>\n\t\t\t\t<\/div>\n\t\t<div class=\"elementor-element elementor-element-29e25c9 e-con-full e-flex e-con e-child\" data-id=\"29e25c9\" data-element_type=\"container\" data-e-type=\"container\">\n\t\t\t\t<div class=\"elementor-element elementor-element-f2b2837 elementor-invisible elementor-widget elementor-widget-image\" data-id=\"f2b2837\" data-element_type=\"widget\" data-e-type=\"widget\" data-settings=\"{&quot;_animation&quot;:&quot;fadeInRight&quot;,&quot;_animation_delay&quot;:300}\" data-widget_type=\"image.default\">\n\t\t\t\t<div class=\"elementor-widget-container\">\n\t\t\t\t\t\t\t\t\t\t\t\t\t\t\t<img decoding=\"async\" width=\"1500\" height=\"1000\" src=\"https:\/\/www.bergundberg-spiez.ch\/wp-content\/uploads\/2026\/01\/int0038.jpg\" class=\"attachment-full size-full wp-image-2864\" alt=\"\" srcset=\"https:\/\/www.bergundberg-spiez.ch\/wp-content\/uploads\/2026\/01\/int0038.jpg 1500w, https:\/\/www.bergundberg-spiez.ch\/wp-content\/uploads\/2026\/01\/int0038-300x200.jpg 300w, https:\/\/www.bergundberg-spiez.ch\/wp-content\/uploads\/2026\/01\/int0038-1024x683.jpg 1024w, https:\/\/www.bergundberg-spiez.ch\/wp-content\/uploads\/2026\/01\/int0038-768x512.jpg 768w\" sizes=\"(max-width: 1500px) 100vw, 1500px\" \/>\t\t\t\t\t\t\t\t\t\t\t\t\t\t\t<\/div>\n\t\t\t\t<\/div>\n\t\t\t\t<\/div>\n\t\t\t\t\t<\/div>\n\t\t\t\t<\/div>\n\t\t<div class=\"elementor-element elementor-element-17ef7ce e-flex e-con-boxed elementor-invisible e-con e-parent\" data-id=\"17ef7ce\" data-element_type=\"container\" data-e-type=\"container\" data-settings=\"{&quot;animation&quot;:&quot;fadeInUp&quot;}\">\n\t\t\t\t\t<div class=\"e-con-inner\">\n\t\t<div class=\"elementor-element elementor-element-2a2f287 e-con-full e-flex e-con e-child\" data-id=\"2a2f287\" data-element_type=\"container\" data-e-type=\"container\">\n\t\t\t\t<div class=\"elementor-element elementor-element-c40c5d9 elementor-invisible elementor-widget elementor-widget-image\" data-id=\"c40c5d9\" data-element_type=\"widget\" data-e-type=\"widget\" data-settings=\"{&quot;_animation&quot;:&quot;fadeInLeft&quot;,&quot;_animation_delay&quot;:300}\" data-widget_type=\"image.default\">\n\t\t\t\t<div class=\"elementor-widget-container\">\n\t\t\t\t\t\t\t\t\t\t\t\t\t\t\t<img loading=\"lazy\" decoding=\"async\" width=\"1500\" height=\"1000\" src=\"https:\/\/www.bergundberg-spiez.ch\/wp-content\/uploads\/2026\/01\/TALK_abod1725.jpg\" class=\"attachment-full size-full wp-image-2866\" alt=\"\" srcset=\"https:\/\/www.bergundberg-spiez.ch\/wp-content\/uploads\/2026\/01\/TALK_abod1725.jpg 1500w, https:\/\/www.bergundberg-spiez.ch\/wp-content\/uploads\/2026\/01\/TALK_abod1725-300x200.jpg 300w, https:\/\/www.bergundberg-spiez.ch\/wp-content\/uploads\/2026\/01\/TALK_abod1725-1024x683.jpg 1024w, https:\/\/www.bergundberg-spiez.ch\/wp-content\/uploads\/2026\/01\/TALK_abod1725-768x512.jpg 768w\" sizes=\"(max-width: 1500px) 100vw, 1500px\" \/>\t\t\t\t\t\t\t\t\t\t\t\t\t\t\t<\/div>\n\t\t\t\t<\/div>\n\t\t\t\t<\/div>\n\t\t<div class=\"elementor-element elementor-element-e4d7f50 e-con-full e-flex elementor-invisible e-con e-child\" data-id=\"e4d7f50\" data-element_type=\"container\" data-e-type=\"container\" data-settings=\"{&quot;animation&quot;:&quot;fadeInRight&quot;}\">\n\t\t\t\t<div class=\"elementor-element elementor-element-cfa688f elementor-widget__width-inherit elementor-invisible elementor-widget elementor-widget-heading\" data-id=\"cfa688f\" data-element_type=\"widget\" data-e-type=\"widget\" data-settings=\"{&quot;_animation&quot;:&quot;fadeInDown&quot;}\" data-widget_type=\"heading.default\">\n\t\t\t\t<div class=\"elementor-widget-container\">\n\t\t\t\t\t<h2 class=\"elementor-heading-title elementor-size-default\">Adelboden <\/h2>\t\t\t\t<\/div>\n\t\t\t\t<\/div>\n\t\t\t\t<div class=\"elementor-element elementor-element-869d121 elementor-widget__width-initial elementor-invisible elementor-widget elementor-widget-text-editor\" data-id=\"869d121\" data-element_type=\"widget\" data-e-type=\"widget\" data-settings=\"{&quot;_animation&quot;:&quot;fadeInLeft&quot;}\" data-widget_type=\"text-editor.default\">\n\t\t\t\t<div class=\"elementor-widget-container\">\n\t\t\t\t\t\t\t\t\t<p>Mit seinen zahlreichen Bergbahnen, dem wachsenden Wellnessangebot und seiner familienfreundlichen Ausrichtung z\u00e4hlt das idyllische Chaletdorf am Fuss des Wildstrubels im Sommer wie auch im Winter zu den vielseitigen Feriendestinationen im Berner Oberland. Zudem ist Adelboden die erste als Alpine Wellness-Urlaubsort zertifizierte Destination der Schweiz.<\/p>\n\t\t\t\t\t\t\t\t<\/div>\n\t\t\t\t<\/div>\n\t\t\t\t<div class=\"elementor-element elementor-element-37d6a51 elementor-align-justify elementor-widget elementor-widget-button\" data-id=\"37d6a51\" data-element_type=\"widget\" data-e-type=\"widget\" data-widget_type=\"button.default\">\n\t\t\t\t<div class=\"elementor-widget-container\">\n\t\t\t\t\t\t\t\t\t<div class=\"elementor-button-wrapper\">\n\t\t\t\t\t<a class=\"elementor-button elementor-button-link elementor-size-sm\" href=\"https:\/\/adelboden-lenk-kandersteg.ch\/orte\/adelboden\" target=\"_blank\">\n\t\t\t\t\t\t<span class=\"elementor-button-content-wrapper\">\n\t\t\t\t\t\t<span class=\"elementor-button-icon\">\n\t\t\t\t<svg xmlns=\"http:\/\/www.w3.org\/2000\/svg\" xmlns:xlink=\"http:\/\/www.w3.org\/1999\/xlink\" id=\"Group_94\" x=\"0px\" y=\"0px\" viewBox=\"0 0 23.3 20.5\" style=\"enable-background:new 0 0 23.3 20.5;\" xml:space=\"preserve\"><path d=\"M21.5,9.2c-1.2-0.8-2.3-1.9-3-3.1c-0.9-1.9-1.3-4-1.1-6h-2.4c0.1,2.4,0.9,4.8,2.3,6.8c0.7,1,1.6,1.8,2.7,2.4H0v2.1h20.1 c-1,0.6-1.9,1.4-2.7,2.4c-1.4,2-2.2,4.3-2.3,6.8h2.4c-0.2-2.1,0.1-4.2,1-6c0.7-1.3,1.7-2.4,2.9-3.1h1.8V9.2H21.5z\"><\/path><\/svg>\t\t\t<\/span>\n\t\t\t\t\t\t\t\t\t<span class=\"elementor-button-text\">More<\/span>\n\t\t\t\t\t<\/span>\n\t\t\t\t\t<\/a>\n\t\t\t\t<\/div>\n\t\t\t\t\t\t\t\t<\/div>\n\t\t\t\t<\/div>\n\t\t\t\t<\/div>\n\t\t\t\t\t<\/div>\n\t\t\t\t<\/div>\n\t\t<div class=\"elementor-element elementor-element-d707d33 e-flex e-con-boxed elementor-invisible e-con e-parent\" data-id=\"d707d33\" data-element_type=\"container\" data-e-type=\"container\" data-settings=\"{&quot;animation&quot;:&quot;fadeInUp&quot;}\">\n\t\t\t\t\t<div class=\"e-con-inner\">\n\t\t<div class=\"elementor-element elementor-element-bb00c35 e-con-full e-flex elementor-invisible e-con e-child\" data-id=\"bb00c35\" data-element_type=\"container\" data-e-type=\"container\" data-settings=\"{&quot;animation&quot;:&quot;fadeInLeft&quot;}\">\n\t\t\t\t<div class=\"elementor-element elementor-element-42ce98c elementor-widget__width-inherit elementor-invisible elementor-widget elementor-widget-heading\" data-id=\"42ce98c\" data-element_type=\"widget\" data-e-type=\"widget\" data-settings=\"{&quot;_animation&quot;:&quot;fadeInDown&quot;}\" data-widget_type=\"heading.default\">\n\t\t\t\t<div class=\"elementor-widget-container\">\n\t\t\t\t\t<h2 class=\"elementor-heading-title elementor-size-default\">Relaxing at Thunersee<\/h2>\t\t\t\t<\/div>\n\t\t\t\t<\/div>\n\t\t\t\t<div class=\"elementor-element elementor-element-ed26c14 elementor-widget__width-initial elementor-invisible elementor-widget elementor-widget-text-editor\" data-id=\"ed26c14\" data-element_type=\"widget\" data-e-type=\"widget\" data-settings=\"{&quot;_animation&quot;:&quot;fadeInLeft&quot;}\" data-widget_type=\"text-editor.default\">\n\t\t\t\t<div class=\"elementor-widget-container\">\n\t\t\t\t\t\t\t\t\t<p>Gib es etwas Sch\u00f6neres, als sich bei sommerlichen Temperaturen mit einem Sprung ins kalte Nass abzuk\u00fchlen? In Spiez besteht diese M\u00f6glichkeit an zahlreichen Orten: Im grossen Freibad mit Seeanstoss, in einem der zwei Strandb\u00e4der oder an den zahlreichen sch\u00f6nen Badepl\u00e4tzen am Ufer des Thunersees. Der Thunersee ist f\u00fcr sein reines Wasser in Trinkwasserqualit\u00e4t bekannt.<\/p>\n\t\t\t\t\t\t\t\t<\/div>\n\t\t\t\t<\/div>\n\t\t\t\t<div class=\"elementor-element elementor-element-8ba8657 elementor-align-justify elementor-widget elementor-widget-button\" data-id=\"8ba8657\" data-element_type=\"widget\" data-e-type=\"widget\" data-widget_type=\"button.default\">\n\t\t\t\t<div class=\"elementor-widget-container\">\n\t\t\t\t\t\t\t\t\t<div class=\"elementor-button-wrapper\">\n\t\t\t\t\t<a class=\"elementor-button elementor-button-link elementor-size-sm\" href=\"https:\/\/www.spiez.com\/aktivitaeten\/auf-dem-wasser\/seebaeder-badeplaetze\" target=\"_blank\">\n\t\t\t\t\t\t<span class=\"elementor-button-content-wrapper\">\n\t\t\t\t\t\t<span class=\"elementor-button-icon\">\n\t\t\t\t<svg xmlns=\"http:\/\/www.w3.org\/2000\/svg\" xmlns:xlink=\"http:\/\/www.w3.org\/1999\/xlink\" id=\"Group_94\" x=\"0px\" y=\"0px\" viewBox=\"0 0 23.3 20.5\" style=\"enable-background:new 0 0 23.3 20.5;\" xml:space=\"preserve\"><path d=\"M21.5,9.2c-1.2-0.8-2.3-1.9-3-3.1c-0.9-1.9-1.3-4-1.1-6h-2.4c0.1,2.4,0.9,4.8,2.3,6.8c0.7,1,1.6,1.8,2.7,2.4H0v2.1h20.1 c-1,0.6-1.9,1.4-2.7,2.4c-1.4,2-2.2,4.3-2.3,6.8h2.4c-0.2-2.1,0.1-4.2,1-6c0.7-1.3,1.7-2.4,2.9-3.1h1.8V9.2H21.5z\"><\/path><\/svg>\t\t\t<\/span>\n\t\t\t\t\t\t\t\t\t<span class=\"elementor-button-text\">More<\/span>\n\t\t\t\t\t<\/span>\n\t\t\t\t\t<\/a>\n\t\t\t\t<\/div>\n\t\t\t\t\t\t\t\t<\/div>\n\t\t\t\t<\/div>\n\t\t\t\t<\/div>\n\t\t<div class=\"elementor-element elementor-element-fcd8472 e-con-full e-flex e-con e-child\" data-id=\"fcd8472\" data-element_type=\"container\" data-e-type=\"container\">\n\t\t\t\t<div class=\"elementor-element elementor-element-ec3ca88 elementor-invisible elementor-widget elementor-widget-image\" data-id=\"ec3ca88\" data-element_type=\"widget\" data-e-type=\"widget\" data-settings=\"{&quot;_animation&quot;:&quot;fadeInRight&quot;,&quot;_animation_delay&quot;:300}\" data-widget_type=\"image.default\">\n\t\t\t\t<div class=\"elementor-widget-container\">\n\t\t\t\t\t\t\t\t\t\t\t\t\t\t\t<img decoding=\"async\" width=\"1500\" height=\"1000\" src=\"https:\/\/www.bergundberg-spiez.ch\/wp-content\/uploads\/2026\/01\/int0038.jpg\" class=\"attachment-full size-full wp-image-2864\" alt=\"\" srcset=\"https:\/\/www.bergundberg-spiez.ch\/wp-content\/uploads\/2026\/01\/int0038.jpg 1500w, https:\/\/www.bergundberg-spiez.ch\/wp-content\/uploads\/2026\/01\/int0038-300x200.jpg 300w, https:\/\/www.bergundberg-spiez.ch\/wp-content\/uploads\/2026\/01\/int0038-1024x683.jpg 1024w, https:\/\/www.bergundberg-spiez.ch\/wp-content\/uploads\/2026\/01\/int0038-768x512.jpg 768w\" sizes=\"(max-width: 1500px) 100vw, 1500px\" \/>\t\t\t\t\t\t\t\t\t\t\t\t\t\t\t<\/div>\n\t\t\t\t<\/div>\n\t\t\t\t<\/div>\n\t\t\t\t\t<\/div>\n\t\t\t\t<\/div>\n\t\t\t\t<\/div>\n\t\t","protected":false},"excerpt":{"rendered":"<p>Spiez Castle Das Spiezer Schloss ist ein Kulturgut von nationaler Bedeutung. Es liegtmalerisch \u00fcber dem Thunersee, inmitten der Spiezer Rebberge. ZumSchloss geh\u00f6ren\u00a0ein Museum, eine j\u00e4hrlich wechselnde Kunstausstellung,die romanische Schlosskriche, ein ausgedehnte Parkanlage und dasSchloss-Bistro. More Stockhorn Das Stockhorn ist 2190 m hoch.Erleben Sie einen unvergesslichen Tag auf dem Stockhorn. Die fantastische Fernsicht \u00fcber die Schweizer [&hellip;]<\/p>\n","protected":false},"author":1,"featured_media":0,"parent":0,"menu_order":0,"comment_status":"closed","ping_status":"closed","template":"","meta":{"footnotes":""},"class_list":["post-2887","page","type-page","status-publish","hentry"],"aioseo_notices":[],"_links":{"self":[{"href":"https:\/\/www.bergundberg-spiez.ch\/en\/wp-json\/wp\/v2\/pages\/2887","targetHints":{"allow":["GET"]}}],"collection":[{"href":"https:\/\/www.bergundberg-spiez.ch\/en\/wp-json\/wp\/v2\/pages"}],"about":[{"href":"https:\/\/www.bergundberg-spiez.ch\/en\/wp-json\/wp\/v2\/types\/page"}],"author":[{"embeddable":true,"href":"https:\/\/www.bergundberg-spiez.ch\/en\/wp-json\/wp\/v2\/users\/1"}],"replies":[{"embeddable":true,"href":"https:\/\/www.bergundberg-spiez.ch\/en\/wp-json\/wp\/v2\/comments?post=2887"}],"version-history":[{"count":1,"href":"https:\/\/www.bergundberg-spiez.ch\/en\/wp-json\/wp\/v2\/pages\/2887\/revisions"}],"predecessor-version":[{"id":2888,"href":"https:\/\/www.bergundberg-spiez.ch\/en\/wp-json\/wp\/v2\/pages\/2887\/revisions\/2888"}],"wp:attachment":[{"href":"https:\/\/www.bergundberg-spiez.ch\/en\/wp-json\/wp\/v2\/media?parent=2887"}],"curies":[{"name":"wp","href":"https:\/\/api.w.org\/{rel}","templated":true}]}}